{"id":35,"date":"2024-10-13T03:17:00","date_gmt":"2024-10-13T03:17:00","guid":{"rendered":"https:\/\/buffonboxes.com\/inicio\/home\/"},"modified":"2024-10-13T23:08:36","modified_gmt":"2024-10-13T23:08:36","slug":"home","status":"publish","type":"page","link":"https:\/\/buffonboxes.com\/inicio\/","title":{"rendered":"Inicio"},"content":{"rendered":"\n\n\n\n<figure class=\"wp-block-image size-full\"><img loading=\"lazy\" decoding=\"async\" width=\"951\" height=\"643\" src=\"https:\/\/buffonboxes.com\/inicio\/wp-content\/uploads\/2024\/10\/bufbox3.png\" alt=\"\" class=\"wp-image-48\" srcset=\"https:\/\/buffonboxes.com\/inicio\/wp-content\/uploads\/2024\/10\/bufbox3.png 951w, https:\/\/buffonboxes.com\/inicio\/wp-content\/uploads\/2024\/10\/bufbox3-300x203.png 300w, https:\/\/buffonboxes.com\/inicio\/wp-content\/uploads\/2024\/10\/bufbox3-768x519.png 768w\" sizes=\"auto, (max-width: 951px) 100vw, 951px\" \/><figcaption class=\"wp-element-caption\">*Estuche con grabado y cerrojo.<\/figcaption><\/figure>\n\n\n\n<h2>Regala con estilo<\/h2>\n\n\n\n<p>En BuffonBoxes tenemos mas de una d\u00e9cada fabricando art\u00edculos para decoraci\u00f3n de eventos y detalles como bases de arreglos florales, estuches para botellas de vino\/puros, cubos para regalos sorpresa y mucho mas.<\/p>\n\n\n\n\n\n\n\n<h2>M\u00e1s que una sorpresa<\/h2>\n\n\n\n<p>Somos proveedores de productos en madera para m\u00faltiples aplicaciones, contamos con precios preferenciales para compras de mayoreo y medio mayoreo para negocios como Florerias y Servicios de decoraciones para eventos.<\/p>\n\n\n\n\n\n<figure class=\"wp-block-image size-full is-resized\"><img loading=\"lazy\" decoding=\"async\" width=\"380\" height=\"743\" src=\"https:\/\/buffonboxes.com\/inicio\/wp-content\/uploads\/2024\/10\/bufbox2.png\" alt=\"\" class=\"wp-image-49\" style=\"width:209px;height:auto\" srcset=\"https:\/\/buffonboxes.com\/inicio\/wp-content\/uploads\/2024\/10\/bufbox2.png 380w, https:\/\/buffonboxes.com\/inicio\/wp-content\/uploads\/2024\/10\/bufbox2-153x300.png 153w\" sizes=\"auto, (max-width: 380px) 100vw, 380px\" \/><\/figure>\n\n\n\n<figure class=\"wp-block-video\"><video height=\"1080\" style=\"aspect-ratio: 1080 \/ 1080;\" width=\"1080\" controls src=\"https:\/\/buffonboxes.com\/inicio\/wp-content\/uploads\/2024\/10\/BB-cubos.mp4\"><\/video><\/figure>\n\n\n\n<h2>Somos fabricantes<br><\/h2>\n\n\n\n\n\n<p>Toda la l\u00ednea de art\u00edculos en compras al pormenor para clientes particulares y decoradores independientes.<\/p>\n\n\n\n\n<p>En compras por volumen tenemos un precio especial para comerciantes y negocios.<\/p>\n\n\n\n\n<p>Env\u00edamos tus productos a toda la Rep\u00fablica Mexicana con tarifas accesibles.<\/p>\n\n\n\n\n\n\n\n\n<h2>Conozca un poco m\u00e1s de nuestro cat\u00e1logo<br><\/h2>\n\n\n\n<p>Cuando se trata de decorar, haga de su evento un recuerdo inolvidable con nuestra l\u00ednea de productos para todo tipo de celebraci\u00f3n. Para toda ocasi\u00f3n como bodas, bautizos, cumplea\u00f1os, aniversarios o simplemente un detalle inolvidable.<\/p>\n\n\n<h2>\u00bfBuscas un dise\u00f1o en particular?<\/h2>\n\n\n\n\n\n<figure class=\"wp-block-video\"><video height=\"1080\" style=\"aspect-ratio: 1080 \/ 1080;\" width=\"1080\" controls src=\"https:\/\/buffonboxes.com\/inicio\/wp-content\/uploads\/2024\/10\/BB-CHAROLAS-ANIMACION.mp4\"><\/video><\/figure>\n\n\n\n\n\n\n\n\nAtenci\u00f3n a clientes\n\n\n\n\n\n\n\n\n\n\n\n\n\n\n\nNuestras ofertas del mes<br>\n\nS\u00edguenos en redes para recibir las promociones actuales.<br>\n\n\n\n\n<p><span style=\"color: rgb(255, 255, 255);\"><strong>Para arreglos florales, bases, centros de mesa y m\u00e1s.<\/strong><\/span><\/p>\n\n\n\n\n\n\n<p><span style=\"color: rgb(255, 255, 255);\"><strong>Obsequia una sorpresa en un espacioso ba\u00fal de madera.<br><\/strong><\/span><\/p>\n\n\n\n\n\n\n<p><span style=\"color: rgb(255, 255, 255);\"><strong>La sorpresa dentro de cada caja, regale una sonrisa.<\/strong><\/span><\/p>\n\n\n\n\n\n\n<p><span style=\"color: rgb(255, 255, 255);\"><strong>Decora con estilo, acabado en madera natural y ligero.<\/strong><\/span><\/p>\n\n\n\n\n\n\n\n\n\u00bfTe dedicas a la decoraci\u00f3n, arreglos florales o eventos? Cont\u00e1ctanos, tenemos precio especial para ti.<br>\n\n\n\n\n\n\n\n\u00bfTienes alguna duda?\n<p>Con gusto te atenderemos, favor de proporcionarnos los datos a continuaci\u00f3n para realizar una consulta en l\u00ednea. Uno de nuestros representantes se pondr\u00e1 en contacto contigo para darle atenci\u00f3n a tu solicitud.<br><\/p>\n\n\n\n\n\n\n\n\u00bfPorque trabajar con nosotros?\n\n\n\n\n<p>Sin importar la cantidad de productos que necesite, tenemos la capacidad de elaborar los productos necesarios para cubrir la cuota de sus proyectos.<br><\/p>\n\n\n\n\n\n\n<p>Sabemos lo importante que es un producto de buena calidad, por esta raz\u00f3n todos nuestros art\u00edculos son elaborados con materiales resistentes y durables.<br><\/p>\n\n\n\n\n\n\n<p>No hay problema. Si necesitas comprar variedad de art\u00edculos m\u00e1s que volumen, tenemos descuento para clientes recurrentes. Ll\u00e1manos y con gusto te apoyaremos.<br><\/p>\n\n\n\n\n\n\n<p>Contamos con una l\u00ednea de productos para obsequios especiales o fr\u00e1giles como botellas de vino, habanos, joyer\u00eda y mucho m\u00e1s.<br><\/p>\n\n\n\n\n\n\n","protected":false},"excerpt":{"rendered":"","protected":false},"author":0,"featured_media":0,"parent":0,"menu_order":0,"comment_status":"closed","ping_status":"closed","template":"","meta":{"pagelayer_contact_templates":[],"_pagelayer_content":"","footnotes":""},"class_list":["post-35","page","type-page","status-publish","hentry"],"_links":{"self":[{"href":"https:\/\/buffonboxes.com\/inicio\/wp-json\/wp\/v2\/pages\/35","targetHints":{"allow":["GET"]}}],"collection":[{"href":"https:\/\/buffonboxes.com\/inicio\/wp-json\/wp\/v2\/pages"}],"about":[{"href":"https:\/\/buffonboxes.com\/inicio\/wp-json\/wp\/v2\/types\/page"}],"replies":[{"embeddable":true,"href":"https:\/\/buffonboxes.com\/inicio\/wp-json\/wp\/v2\/comments?post=35"}],"version-history":[{"count":15,"href":"https:\/\/buffonboxes.com\/inicio\/wp-json\/wp\/v2\/pages\/35\/revisions"}],"predecessor-version":[{"id":125,"href":"https:\/\/buffonboxes.com\/inicio\/wp-json\/wp\/v2\/pages\/35\/revisions\/125"}],"wp:attachment":[{"href":"https:\/\/buffonboxes.com\/inicio\/wp-json\/wp\/v2\/media?parent=35"}],"curies":[{"name":"wp","href":"https:\/\/api.w.org\/{rel}","templated":true}]}}